{"id":832,"date":"2023-02-27T11:13:07","date_gmt":"2023-02-27T10:13:07","guid":{"rendered":"https:\/\/elithus.se\/kommersiell\/?page_id=832"},"modified":"2024-11-11T16:32:34","modified_gmt":"2024-11-11T15:32:34","slug":"samhallsansvar","status":"publish","type":"page","link":"https:\/\/elithus.se\/kommersiell\/samhallsansvar\/","title":{"rendered":"Samh\u00e4llsansvar"},"content":{"rendered":"\n<p class=\"has-text-align-left\">Vi \u00e4r aktiva i samh\u00e4llsdebatten och opinionsbildningen f\u00f6r h\u00e5llbarhet i allm\u00e4nhet och bevarandet av biologisk m\u00e5ngfald i synnerhet. Elithus var d\u00e4rf\u00f6r en av tv\u00e5 arrang\u00f6rer till v\u00e4lg\u00f6renhetskonserten En kv\u00e4ll f\u00f6r de vilda i oktober 2024 som leddes av Ren\u00e9e Nyberg och Rickard Olsson d\u00e4r vi samlade in 100 024 kr till projekt f\u00f6r de r\u00f6dlistade arterna. Du kan se konserten h\u00e4r:<\/p>\n\n\n\n<figure class=\"wp-block-embed is-type-video is-provider-youtube wp-block-embed-youtube wp-embed-aspect-16-9 wp-has-aspect-ratio\"><div class=\"wp-block-embed__wrapper\">\n<div class=\"om-responsive-embed\"><iframe loading=\"lazy\" title=\"En kv\u00e4ll f\u00f6r de vilda - Lives\u00e4nd v\u00e4lg\u00f6renhetskonsert fr\u00e5n Eric Ericsonhallen UNCUT\" width=\"1170\" height=\"658\" src=\"https:\/\/www.youtube.com\/embed\/JxOzlfECwmo?feature=oembed\" frameborder=\"0\" allow=\"accelerometer; autoplay; clipboard-write; encrypted-media; gyroscope; picture-in-picture; web-share\" referrerpolicy=\"strict-origin-when-cross-origin\" allowfullscreen><\/iframe><\/div>\n<\/div><\/figure>\n\n\n\n<p>Fram till 2023 donerade vi \u00e5rligen pengar till 19 organisationer (se nedtill) och vi var ocks\u00e5 officiellt st\u00f6df\u00f6retag f\u00f6r Naturskyddsf\u00f6reningen och Djurens R\u00e4tt. Samma \u00e5r best\u00e4mde vi oss f\u00f6r att i st\u00e4llet f\u00f6r att donera medel, b\u00f6rja agera sj\u00e4lva, varvid vi b\u00f6rjade delta i samh\u00e4llsdebatten. Vi ville ocks\u00e5 skapa konkret skillnad vilket var anledningen till att v\u00e5r arkitekt Maria Ader grundade organisationen Artkrisen med syfte om att informera om f\u00f6rlusten av biologisk m\u00e5ngfald och de arter som \u00e4r utrotningshotade och med nya infallsvinklar, f\u00e5 m\u00e4nniskor att bli engagerade i dessa fr\u00e5gor.<br><\/p>\n\n\n\n<figure class=\"wp-block-gallery has-nested-images columns-6 community-gallery wp-block-gallery-1 is-layout-flex wp-block-gallery-is-layout-flex\">\n<figure class=\"wp-block-image size-full official-sponsor-logo\"><a href=\"https:\/\/www.naturskyddsforeningen.se\/\" target=\"_blank\" rel=\"noreferrer noopener\"><img decoding=\"async\" data-id=\"1206\" src=\"https:\/\/elithus.se\/wp-content\/uploads\/2023\/02\/Mejlsignatur.png\" alt=\"\" class=\"wp-image-1206\"\/><\/a><\/figure>\n<\/figure>\n\n\n\n<figure class=\"wp-block-gallery has-nested-images columns-6 community-gallery wp-block-gallery-2 is-layout-flex wp-block-gallery-is-layout-flex\">\n<figure class=\"wp-block-image size-full official-sponsor-logo\"><a href=\"https:\/\/www.djurensratt.se\/\" target=\"_blank\" rel=\"noreferrer noopener\"><img loading=\"lazy\" decoding=\"async\" width=\"800\" height=\"200\" data-id=\"851\" src=\"https:\/\/elithus.se\/kommersiell\/wp-content\/uploads\/sites\/4\/2023\/03\/E-postsignatur-600x150px-1.png\" alt=\"\" class=\"wp-image-851\" srcset=\"https:\/\/elithus.se\/kommersiell\/wp-content\/uploads\/sites\/4\/2023\/03\/E-postsignatur-600x150px-1.png 800w, https:\/\/elithus.se\/kommersiell\/wp-content\/uploads\/sites\/4\/2023\/03\/E-postsignatur-600x150px-1-300x75.png 300w, https:\/\/elithus.se\/kommersiell\/wp-content\/uploads\/sites\/4\/2023\/03\/E-postsignatur-600x150px-1-768x192.png 768w\" sizes=\"auto, (max-width: 800px) 100vw, 800px\" \/><\/a><\/figure>\n<\/figure>\n\n\n\n<p class=\"has-text-align-center\">Vi st\u00f6ttar och\u00a0donerar\u00a0ocks\u00e5\u00a0\u00e5rligen pengar till\u00a0dessa\u00a0organisationer:<\/p>\n\n\n\n<figure class=\"wp-block-gallery has-nested-images columns-6 community-gallery wp-block-gallery-3 is-layout-flex wp-block-gallery-is-layout-flex\">\n<figure class=\"wp-block-image size-full\"><a href=\"https:\/\/www.hsi.org\/\" target=\"_blank\" rel=\"noreferrer noopener\"><img decoding=\"async\" data-id=\"1168\" src=\"https:\/\/elithus.se\/wp-content\/uploads\/2023\/02\/Human-Society-International-Logo.png\" alt=\"\" class=\"wp-image-1168\"\/><\/a><\/figure>\n\n\n\n<figure class=\"wp-block-image size-full\"><a href=\"https:\/\/djurrattsalliansen.se\/\" target=\"_blank\" rel=\"noreferrer noopener\"><img decoding=\"async\" data-id=\"1178\" src=\"https:\/\/elithus.se\/wp-content\/uploads\/2023\/02\/Djurrattsalliansen-Logo.png\" alt=\"\" class=\"wp-image-1178\"\/><\/a><\/figure>\n\n\n\n<figure class=\"wp-block-image size-full\"><a href=\"https:\/\/nutritionfacts.org\/\" target=\"_blank\" rel=\"noreferrer noopener\"><img decoding=\"async\" data-id=\"1167\" src=\"https:\/\/elithus.se\/wp-content\/uploads\/2023\/02\/Nutritionfacts-Logo.png\" alt=\"\" class=\"wp-image-1167\"\/><\/a><\/figure>\n\n\n\n<figure class=\"wp-block-image size-full is-style-default\"><a href=\"https:\/\/www.wwf.se\/\" target=\"_blank\" rel=\"noreferrer noopener\"><img decoding=\"async\" data-id=\"1169\" src=\"https:\/\/elithus.se\/wp-content\/uploads\/2023\/02\/WWF-Logo.png\" alt=\"\" class=\"wp-image-1169\"\/><\/a><\/figure>\n\n\n\n<figure class=\"wp-block-image size-full\"><a href=\"https:\/\/networkforanimals.org\/\" target=\"_blank\" rel=\"noreferrer noopener\"><img decoding=\"async\" data-id=\"1170\" src=\"https:\/\/elithus.se\/wp-content\/uploads\/2023\/02\/Network-for-Animals-Logo.png\" alt=\"\" class=\"wp-image-1170\"\/><\/a><\/figure>\n\n\n\n<figure class=\"wp-block-image size-full is-style-default\"><a href=\"https:\/\/www.rainforesttrust.org\/\" target=\"_blank\" rel=\"noreferrer noopener\"><img decoding=\"async\" data-id=\"1182\" src=\"https:\/\/elithus.se\/wp-content\/uploads\/2023\/02\/Rainforest-Trust-Logo.png\" alt=\"\" class=\"wp-image-1182\"\/><\/a><\/figure>\n\n\n\n<figure class=\"wp-block-image size-full\"><a href=\"https:\/\/secure.avaaz.org\/page\/en\/\" target=\"_blank\" rel=\"noreferrer noopener\"><img decoding=\"async\" data-id=\"1171\" src=\"https:\/\/elithus.se\/wp-content\/uploads\/2023\/02\/Avaaz-Logo.png\" alt=\"\" class=\"wp-image-1171\"\/><\/a><\/figure>\n\n\n\n<figure class=\"wp-block-image size-full\"><a href=\"https:\/\/www.climateemergencyfund.org\/\" target=\"_blank\" rel=\"noreferrer noopener\"><img decoding=\"async\" data-id=\"1183\" src=\"https:\/\/elithus.se\/wp-content\/uploads\/2023\/02\/Climate-Emergency-Fund-Logo.png\" alt=\"\" class=\"wp-image-1183\"\/><\/a><\/figure>\n\n\n\n<figure class=\"wp-block-image size-full\"><a href=\"https:\/\/www.peta.org.uk\/\" target=\"_blank\" rel=\"noreferrer noopener\"><img decoding=\"async\" data-id=\"1173\" src=\"https:\/\/elithus.se\/wp-content\/uploads\/2023\/02\/PETA-Logo.png\" alt=\"\" class=\"wp-image-1173\"\/><\/a><\/figure>\n\n\n\n<figure class=\"wp-block-image size-full\"><a href=\"https:\/\/www.barncancerfonden.se\/\" target=\"_blank\" rel=\"noreferrer noopener\"><img decoding=\"async\" data-id=\"1172\" src=\"https:\/\/elithus.se\/wp-content\/uploads\/2023\/02\/Barncancerfonden-Logo.png\" alt=\"\" class=\"wp-image-1172\"\/><\/a><\/figure>\n\n\n\n<figure class=\"wp-block-image size-full\"><a href=\"https:\/\/www.ciwf.org.uk\/\" target=\"_blank\" rel=\"noreferrer noopener\"><img decoding=\"async\" data-id=\"1175\" src=\"https:\/\/elithus.se\/wp-content\/uploads\/2023\/02\/Compassion-in-World-Farming-Logo.png\" alt=\"\" class=\"wp-image-1175\"\/><\/a><\/figure>\n\n\n\n<figure class=\"wp-block-image size-full\"><a href=\"https:\/\/www.onegreenplanet.org\/\" target=\"_blank\" rel=\"noreferrer noopener\"><img decoding=\"async\" data-id=\"1181\" src=\"https:\/\/elithus.se\/wp-content\/uploads\/2023\/02\/One-Green-Planet-Logo.png\" alt=\"\" class=\"wp-image-1181\"\/><\/a><\/figure>\n\n\n\n<figure class=\"wp-block-image size-full\"><a href=\"https:\/\/animallove.cr\/\" target=\"_blank\" rel=\"noreferrer noopener\"><img decoding=\"async\" data-id=\"1174\" src=\"https:\/\/elithus.se\/wp-content\/uploads\/2023\/02\/Animal-Love-Rescue-Center-CR-Logo.png\" alt=\"\" class=\"wp-image-1174\"\/><\/a><\/figure>\n\n\n\n<figure class=\"wp-block-image size-full\"><a href=\"https:\/\/seashepherd.org\/\" target=\"_blank\" rel=\"noreferrer noopener\"><img decoding=\"async\" data-id=\"1180\" src=\"https:\/\/elithus.se\/wp-content\/uploads\/2023\/02\/SeaShepherd-Logo.png\" alt=\"\" class=\"wp-image-1180\"\/><\/a><\/figure>\n\n\n\n<figure class=\"wp-block-image size-full\"><a href=\"https:\/\/animalsurvival.org\/\" target=\"_blank\" rel=\"noreferrer noopener\"><img decoding=\"async\" data-id=\"1177\" src=\"https:\/\/elithus.se\/wp-content\/uploads\/2023\/02\/Animal-Survival-International-Logo.png\" alt=\"\" class=\"wp-image-1177\"\/><\/a><\/figure>\n\n\n\n<figure class=\"wp-block-image size-full\"><a href=\"https:\/\/www.wateraid.org\/se\/\" target=\"_blank\" rel=\"noreferrer noopener\"><img decoding=\"async\" data-id=\"1184\" src=\"https:\/\/elithus.se\/wp-content\/uploads\/2023\/02\/WaterAid-Logo.png\" alt=\"\" class=\"wp-image-1184\"\/><\/a><\/figure>\n\n\n\n<figure class=\"wp-block-image size-large\"><a href=\"https:\/\/rolda.org\/\" target=\"_blank\" rel=\"noreferrer noopener\"><img decoding=\"async\" data-id=\"1179\" src=\"https:\/\/elithus.se\/wp-content\/uploads\/2023\/02\/Rolda-Logo.png\" alt=\"\" class=\"wp-image-1179\"\/><\/a><\/figure>\n\n\n\n<figure class=\"wp-block-image size-full\"><a href=\"https:\/\/unicef.se\" target=\"_blank\" rel=\"noreferrer noopener\"><img loading=\"lazy\" decoding=\"async\" width=\"1200\" height=\"628\" data-id=\"858\" src=\"https:\/\/elithus.se\/kommersiell\/wp-content\/uploads\/sites\/4\/2023\/03\/UNICEF_stodbanner2023_1200x628_eng_5fb8f053dcae4883.jpg\" alt=\"\" class=\"wp-image-858\" srcset=\"https:\/\/elithus.se\/kommersiell\/wp-content\/uploads\/sites\/4\/2023\/03\/UNICEF_stodbanner2023_1200x628_eng_5fb8f053dcae4883.jpg 1200w, https:\/\/elithus.se\/kommersiell\/wp-content\/uploads\/sites\/4\/2023\/03\/UNICEF_stodbanner2023_1200x628_eng_5fb8f053dcae4883-300x157.jpg 300w, https:\/\/elithus.se\/kommersiell\/wp-content\/uploads\/sites\/4\/2023\/03\/UNICEF_stodbanner2023_1200x628_eng_5fb8f053dcae4883-1024x536.jpg 1024w, https:\/\/elithus.se\/kommersiell\/wp-content\/uploads\/sites\/4\/2023\/03\/UNICEF_stodbanner2023_1200x628_eng_5fb8f053dcae4883-768x402.jpg 768w\" sizes=\"auto, (max-width: 1200px) 100vw, 1200px\" \/><\/a><\/figure>\n\n\n\n<figure class=\"wp-block-image size-thumbnail\"><a href=\"https:\/\/www.worldanimalprotection.org\/\" target=\"_blank\" rel=\"noreferrer noopener\"><img loading=\"lazy\" decoding=\"async\" width=\"150\" height=\"150\" data-id=\"862\" src=\"https:\/\/elithus.se\/kommersiell\/wp-content\/uploads\/sites\/4\/2023\/04\/1047b395-1fe5-4b65-8c2b-52e278c9ea41-150x150.png\" alt=\"\" class=\"wp-image-862\" srcset=\"https:\/\/elithus.se\/kommersiell\/wp-content\/uploads\/sites\/4\/2023\/04\/1047b395-1fe5-4b65-8c2b-52e278c9ea41-150x150.png 150w, https:\/\/elithus.se\/kommersiell\/wp-content\/uploads\/sites\/4\/2023\/04\/1047b395-1fe5-4b65-8c2b-52e278c9ea41-300x300.png 300w, https:\/\/elithus.se\/kommersiell\/wp-content\/uploads\/sites\/4\/2023\/04\/1047b395-1fe5-4b65-8c2b-52e278c9ea41.png 500w\" sizes=\"auto, (max-width: 150px) 100vw, 150px\" \/><\/a><\/figure>\n<\/figure>\n\n\n\n<p class=\"has-text-align-center\"><br>Ut\u00f6ver detta planterar vi 1000 tr\u00e4d f\u00f6r varje hus vi bygger, l\u00e4s mer om det under fliken <a href=\"https:\/\/elithus.se\/miljo-klimat\/\">Milj\u00f6\/Klimat<\/a><\/p>\n\n\n\n<p><\/p>\n","protected":false},"excerpt":{"rendered":"<p>Vi \u00e4r aktiva i samh\u00e4llsdebatten och opinionsbildningen f\u00f6r h\u00e5llbarhet i allm\u00e4nhet och bevarandet av biologisk m\u00e5ngfald i synnerhet. Elithus var d\u00e4rf\u00f6r en av tv\u00e5 arrang\u00f6rer till v\u00e4lg\u00f6renhetskonserten En kv\u00e4ll f\u00f6r de vilda i oktober 2024 som leddes av Ren\u00e9e Nyberg och Rickard Olsson d\u00e4r vi samlade in 100 024 kr till projekt f\u00f6r de r\u00f6dlistade [&hellip;]<\/p>\n","protected":false},"author":2,"featured_media":0,"parent":0,"menu_order":0,"comment_status":"closed","ping_status":"closed","template":"","meta":{"footnotes":""},"class_list":["post-832","page","type-page","status-publish","hentry"],"_links":{"self":[{"href":"https:\/\/elithus.se\/kommersiell\/wp-json\/wp\/v2\/pages\/832","targetHints":{"allow":["GET"]}}],"collection":[{"href":"https:\/\/elithus.se\/kommersiell\/wp-json\/wp\/v2\/pages"}],"about":[{"href":"https:\/\/elithus.se\/kommersiell\/wp-json\/wp\/v2\/types\/page"}],"author":[{"embeddable":true,"href":"https:\/\/elithus.se\/kommersiell\/wp-json\/wp\/v2\/users\/2"}],"replies":[{"embeddable":true,"href":"https:\/\/elithus.se\/kommersiell\/wp-json\/wp\/v2\/comments?post=832"}],"version-history":[{"count":5,"href":"https:\/\/elithus.se\/kommersiell\/wp-json\/wp\/v2\/pages\/832\/revisions"}],"predecessor-version":[{"id":925,"href":"https:\/\/elithus.se\/kommersiell\/wp-json\/wp\/v2\/pages\/832\/revisions\/925"}],"wp:attachment":[{"href":"https:\/\/elithus.se\/kommersiell\/wp-json\/wp\/v2\/media?parent=832"}],"curies":[{"name":"wp","href":"https:\/\/api.w.org\/{rel}","templated":true}]}}