{"id":825,"date":"2023-02-27T11:09:07","date_gmt":"2023-02-27T10:09:07","guid":{"rendered":"https:\/\/elithus.se\/kommersiell\/?page_id=825"},"modified":"2024-11-11T16:37:17","modified_gmt":"2024-11-11T15:37:17","slug":"community","status":"publish","type":"page","link":"https:\/\/elithus.se\/kommersiell\/en\/community\/","title":{"rendered":"Community"},"content":{"rendered":"\n<p><em><em>We are active in the social debate and opinion formation for sustainability in general and the <\/em><\/em>preservation of biological diversity in particular. Elithus was therefore one of two organizers of the charity concert An evening for the wild in October 2024, which was led by renowned hosts Ren\u00e9e Nyberg and Rickard Olsson, where we collected SEK 100,024 for projects for the red-listed species. You can watch the concert here:<\/p>\n\n\n\n<figure class=\"wp-block-embed is-type-video is-provider-youtube wp-block-embed-youtube wp-embed-aspect-16-9 wp-has-aspect-ratio\"><div class=\"wp-block-embed__wrapper\">\n<div class=\"om-responsive-embed\"><iframe loading=\"lazy\" title=\"En kv\u00e4ll f\u00f6r de vilda - Lives\u00e4nd v\u00e4lg\u00f6renhetskonsert fr\u00e5n Eric Ericsonhallen UNCUT\" width=\"1170\" height=\"658\" src=\"https:\/\/www.youtube.com\/embed\/JxOzlfECwmo?feature=oembed\" frameborder=\"0\" allow=\"accelerometer; autoplay; clipboard-write; encrypted-media; gyroscope; picture-in-picture; web-share\" referrerpolicy=\"strict-origin-when-cross-origin\" allowfullscreen><\/iframe><\/div>\n<\/div><\/figure>\n\n\n\n<p>Until 2023, we annually donated money to 19 organizations (see below) and we were also an official support company for Naturskyddsf\u00f6reningen and Djurens R\u00e4tt. In the same year, we decided that instead of donating funds, we started to act ourselves, whereby we began to participate in the social debate. We also wanted to create a concrete difference, which was the reason why our architect Maria Ader founded the organization Artkrisen with the aim of informing about the loss of biological diversity and the species that are threatened with extinction and with new approaches, get people involved in these issues.<br><\/p>\n\n\n\n<figure class=\"wp-block-gallery has-nested-images columns-6 community-gallery wp-block-gallery-1 is-layout-flex wp-block-gallery-is-layout-flex\">\n<figure class=\"wp-block-image size-full official-sponsor-logo\"><a href=\"https:\/\/www.naturskyddsforeningen.se\/\" target=\"_blank\" rel=\"noreferrer noopener\"><img decoding=\"async\" data-id=\"1206\" src=\"https:\/\/elithus.se\/wp-content\/uploads\/2023\/02\/Mejlsignatur.png\" alt=\"\" class=\"wp-image-1206\"\/><\/a><\/figure>\n<\/figure>\n\n\n\n<figure class=\"wp-block-gallery has-nested-images columns-6 community-gallery wp-block-gallery-2 is-layout-flex wp-block-gallery-is-layout-flex\">\n<figure class=\"wp-block-image size-full official-sponsor-logo\"><a href=\"https:\/\/www.djurensratt.se\/\" target=\"_blank\" rel=\"noreferrer noopener\"><img loading=\"lazy\" decoding=\"async\" width=\"800\" height=\"200\" data-id=\"851\" src=\"https:\/\/elithus.se\/kommersiell\/wp-content\/uploads\/sites\/4\/2023\/03\/E-postsignatur-600x150px-1.png\" alt=\"\" class=\"wp-image-851\" srcset=\"https:\/\/elithus.se\/kommersiell\/wp-content\/uploads\/sites\/4\/2023\/03\/E-postsignatur-600x150px-1.png 800w, https:\/\/elithus.se\/kommersiell\/wp-content\/uploads\/sites\/4\/2023\/03\/E-postsignatur-600x150px-1-300x75.png 300w, https:\/\/elithus.se\/kommersiell\/wp-content\/uploads\/sites\/4\/2023\/03\/E-postsignatur-600x150px-1-768x192.png 768w\" sizes=\"auto, (max-width: 800px) 100vw, 800px\" \/><\/a><\/figure>\n<\/figure>\n\n\n\n<p class=\"has-text-align-center\">These are the organizations which we yearly funded up to 2023:<\/p>\n\n\n\n<figure class=\"wp-block-gallery has-nested-images columns-6 community-gallery wp-block-gallery-3 is-layout-flex wp-block-gallery-is-layout-flex\">\n<figure class=\"wp-block-image size-full\"><a href=\"https:\/\/www.hsi.org\/\" target=\"_blank\" rel=\"noreferrer noopener\"><img decoding=\"async\" data-id=\"1168\" src=\"https:\/\/elithus.se\/wp-content\/uploads\/2023\/02\/Human-Society-International-Logo.png\" alt=\"\" class=\"wp-image-1168\"\/><\/a><\/figure>\n\n\n\n<figure class=\"wp-block-image size-full\"><a href=\"https:\/\/djurrattsalliansen.se\/\" target=\"_blank\" rel=\"noreferrer noopener\"><img decoding=\"async\" data-id=\"1178\" src=\"https:\/\/elithus.se\/wp-content\/uploads\/2023\/02\/Djurrattsalliansen-Logo.png\" alt=\"\" class=\"wp-image-1178\"\/><\/a><\/figure>\n\n\n\n<figure class=\"wp-block-image size-full\"><a href=\"https:\/\/nutritionfacts.org\/\" target=\"_blank\" rel=\"noreferrer noopener\"><img decoding=\"async\" data-id=\"1167\" src=\"https:\/\/elithus.se\/wp-content\/uploads\/2023\/02\/Nutritionfacts-Logo.png\" alt=\"\" class=\"wp-image-1167\"\/><\/a><\/figure>\n\n\n\n<figure class=\"wp-block-image size-full is-style-default\"><a href=\"https:\/\/www.wwf.se\/\" target=\"_blank\" rel=\"noreferrer noopener\"><img decoding=\"async\" data-id=\"1169\" src=\"https:\/\/elithus.se\/wp-content\/uploads\/2023\/02\/WWF-Logo.png\" alt=\"\" class=\"wp-image-1169\"\/><\/a><\/figure>\n\n\n\n<figure class=\"wp-block-image size-full\"><a href=\"https:\/\/networkforanimals.org\/\" target=\"_blank\" rel=\"noreferrer noopener\"><img decoding=\"async\" data-id=\"1170\" src=\"https:\/\/elithus.se\/wp-content\/uploads\/2023\/02\/Network-for-Animals-Logo.png\" alt=\"\" class=\"wp-image-1170\"\/><\/a><\/figure>\n\n\n\n<figure class=\"wp-block-image size-full is-style-default\"><a href=\"https:\/\/www.rainforesttrust.org\/\" target=\"_blank\" rel=\"noreferrer noopener\"><img decoding=\"async\" data-id=\"1182\" src=\"https:\/\/elithus.se\/wp-content\/uploads\/2023\/02\/Rainforest-Trust-Logo.png\" alt=\"\" class=\"wp-image-1182\"\/><\/a><\/figure>\n\n\n\n<figure class=\"wp-block-image size-full\"><a href=\"https:\/\/secure.avaaz.org\/page\/en\/\" target=\"_blank\" rel=\"noreferrer noopener\"><img decoding=\"async\" data-id=\"1171\" src=\"https:\/\/elithus.se\/wp-content\/uploads\/2023\/02\/Avaaz-Logo.png\" alt=\"\" class=\"wp-image-1171\"\/><\/a><\/figure>\n\n\n\n<figure class=\"wp-block-image size-full\"><a href=\"https:\/\/www.climateemergencyfund.org\/\" target=\"_blank\" rel=\"noreferrer noopener\"><img decoding=\"async\" data-id=\"1183\" src=\"https:\/\/elithus.se\/wp-content\/uploads\/2023\/02\/Climate-Emergency-Fund-Logo.png\" alt=\"\" class=\"wp-image-1183\"\/><\/a><\/figure>\n\n\n\n<figure class=\"wp-block-image size-full\"><a href=\"https:\/\/www.peta.org.uk\/\" target=\"_blank\" rel=\"noreferrer noopener\"><img decoding=\"async\" data-id=\"1173\" src=\"https:\/\/elithus.se\/wp-content\/uploads\/2023\/02\/PETA-Logo.png\" alt=\"\" class=\"wp-image-1173\"\/><\/a><\/figure>\n\n\n\n<figure class=\"wp-block-image size-full\"><a href=\"https:\/\/www.barncancerfonden.se\/\" target=\"_blank\" rel=\"noreferrer noopener\"><img decoding=\"async\" data-id=\"1172\" src=\"https:\/\/elithus.se\/wp-content\/uploads\/2023\/02\/Barncancerfonden-Logo.png\" alt=\"\" class=\"wp-image-1172\"\/><\/a><\/figure>\n\n\n\n<figure class=\"wp-block-image size-full\"><a href=\"https:\/\/www.ciwf.org.uk\/\" target=\"_blank\" rel=\"noreferrer noopener\"><img decoding=\"async\" data-id=\"1175\" src=\"https:\/\/elithus.se\/wp-content\/uploads\/2023\/02\/Compassion-in-World-Farming-Logo.png\" alt=\"\" class=\"wp-image-1175\"\/><\/a><\/figure>\n\n\n\n<figure class=\"wp-block-image size-full\"><a href=\"https:\/\/www.onegreenplanet.org\/\" target=\"_blank\" rel=\"noreferrer noopener\"><img decoding=\"async\" data-id=\"1181\" src=\"https:\/\/elithus.se\/wp-content\/uploads\/2023\/02\/One-Green-Planet-Logo.png\" alt=\"\" class=\"wp-image-1181\"\/><\/a><\/figure>\n\n\n\n<figure class=\"wp-block-image size-full\"><a href=\"https:\/\/animallove.cr\/\" target=\"_blank\" rel=\"noreferrer noopener\"><img decoding=\"async\" data-id=\"1174\" src=\"https:\/\/elithus.se\/wp-content\/uploads\/2023\/02\/Animal-Love-Rescue-Center-CR-Logo.png\" alt=\"\" class=\"wp-image-1174\"\/><\/a><\/figure>\n\n\n\n<figure class=\"wp-block-image size-full\"><a href=\"https:\/\/seashepherd.org\/\" target=\"_blank\" rel=\"noreferrer noopener\"><img decoding=\"async\" data-id=\"1180\" src=\"https:\/\/elithus.se\/wp-content\/uploads\/2023\/02\/SeaShepherd-Logo.png\" alt=\"\" class=\"wp-image-1180\"\/><\/a><\/figure>\n\n\n\n<figure class=\"wp-block-image size-full\"><a href=\"https:\/\/animalsurvival.org\/\" target=\"_blank\" rel=\"noreferrer noopener\"><img decoding=\"async\" data-id=\"1177\" src=\"https:\/\/elithus.se\/wp-content\/uploads\/2023\/02\/Animal-Survival-International-Logo.png\" alt=\"\" class=\"wp-image-1177\"\/><\/a><\/figure>\n\n\n\n<figure class=\"wp-block-image size-full\"><a href=\"https:\/\/www.wateraid.org\/se\/\" target=\"_blank\" rel=\"noreferrer noopener\"><img decoding=\"async\" data-id=\"1184\" src=\"https:\/\/elithus.se\/wp-content\/uploads\/2023\/02\/WaterAid-Logo.png\" alt=\"\" class=\"wp-image-1184\"\/><\/a><\/figure>\n\n\n\n<figure class=\"wp-block-image size-large\"><a href=\"https:\/\/rolda.org\/\" target=\"_blank\" rel=\"noreferrer noopener\"><img decoding=\"async\" data-id=\"1179\" src=\"https:\/\/elithus.se\/wp-content\/uploads\/2023\/02\/Rolda-Logo.png\" alt=\"\" class=\"wp-image-1179\"\/><\/a><\/figure>\n\n\n\n<figure class=\"wp-block-image size-full\"><a href=\"https:\/\/unicef.se\" target=\"_blank\" rel=\"noreferrer noopener\"><img loading=\"lazy\" decoding=\"async\" width=\"1200\" height=\"628\" data-id=\"858\" src=\"https:\/\/elithus.se\/kommersiell\/wp-content\/uploads\/sites\/4\/2023\/03\/UNICEF_stodbanner2023_1200x628_eng_5fb8f053dcae4883.jpg\" alt=\"\" class=\"wp-image-858\" srcset=\"https:\/\/elithus.se\/kommersiell\/wp-content\/uploads\/sites\/4\/2023\/03\/UNICEF_stodbanner2023_1200x628_eng_5fb8f053dcae4883.jpg 1200w, https:\/\/elithus.se\/kommersiell\/wp-content\/uploads\/sites\/4\/2023\/03\/UNICEF_stodbanner2023_1200x628_eng_5fb8f053dcae4883-300x157.jpg 300w, https:\/\/elithus.se\/kommersiell\/wp-content\/uploads\/sites\/4\/2023\/03\/UNICEF_stodbanner2023_1200x628_eng_5fb8f053dcae4883-1024x536.jpg 1024w, https:\/\/elithus.se\/kommersiell\/wp-content\/uploads\/sites\/4\/2023\/03\/UNICEF_stodbanner2023_1200x628_eng_5fb8f053dcae4883-768x402.jpg 768w\" sizes=\"auto, (max-width: 1200px) 100vw, 1200px\" \/><\/a><\/figure>\n\n\n\n<figure class=\"wp-block-image size-thumbnail\"><a href=\"https:\/\/www.worldanimalprotection.org\/\" target=\"_blank\" rel=\"noreferrer noopener\"><img loading=\"lazy\" decoding=\"async\" width=\"150\" height=\"150\" data-id=\"862\" src=\"https:\/\/elithus.se\/kommersiell\/wp-content\/uploads\/sites\/4\/2023\/04\/1047b395-1fe5-4b65-8c2b-52e278c9ea41-150x150.png\" alt=\"\" class=\"wp-image-862\" srcset=\"https:\/\/elithus.se\/kommersiell\/wp-content\/uploads\/sites\/4\/2023\/04\/1047b395-1fe5-4b65-8c2b-52e278c9ea41-150x150.png 150w, https:\/\/elithus.se\/kommersiell\/wp-content\/uploads\/sites\/4\/2023\/04\/1047b395-1fe5-4b65-8c2b-52e278c9ea41-300x300.png 300w, https:\/\/elithus.se\/kommersiell\/wp-content\/uploads\/sites\/4\/2023\/04\/1047b395-1fe5-4b65-8c2b-52e278c9ea41.png 500w\" sizes=\"auto, (max-width: 150px) 100vw, 150px\" \/><\/a><\/figure>\n<\/figure>\n\n\n\n<p class=\"has-text-align-center\"><br>Apart from this, we also plant 1000 trees for every house that we build. Read more about this\u00a0<a href=\"https:\/\/elithus.se\/en\/environment\/\">here<\/a><\/p>\n","protected":false},"excerpt":{"rendered":"<p>We are active in the social debate and opinion formation for sustainability in general and the preservation of biological diversity in particular. Elithus was therefore one of two organizers of the charity concert An evening for the wild in October 2024, which was led by renowned hosts Ren\u00e9e Nyberg and Rickard Olsson, where we collected [&hellip;]<\/p>\n","protected":false},"author":2,"featured_media":0,"parent":0,"menu_order":0,"comment_status":"closed","ping_status":"closed","template":"","meta":{"footnotes":""},"class_list":["post-825","page","type-page","status-publish","hentry"],"_links":{"self":[{"href":"https:\/\/elithus.se\/kommersiell\/wp-json\/wp\/v2\/pages\/825","targetHints":{"allow":["GET"]}}],"collection":[{"href":"https:\/\/elithus.se\/kommersiell\/wp-json\/wp\/v2\/pages"}],"about":[{"href":"https:\/\/elithus.se\/kommersiell\/wp-json\/wp\/v2\/types\/page"}],"author":[{"embeddable":true,"href":"https:\/\/elithus.se\/kommersiell\/wp-json\/wp\/v2\/users\/2"}],"replies":[{"embeddable":true,"href":"https:\/\/elithus.se\/kommersiell\/wp-json\/wp\/v2\/comments?post=825"}],"version-history":[{"count":7,"href":"https:\/\/elithus.se\/kommersiell\/wp-json\/wp\/v2\/pages\/825\/revisions"}],"predecessor-version":[{"id":927,"href":"https:\/\/elithus.se\/kommersiell\/wp-json\/wp\/v2\/pages\/825\/revisions\/927"}],"wp:attachment":[{"href":"https:\/\/elithus.se\/kommersiell\/wp-json\/wp\/v2\/media?parent=825"}],"curies":[{"name":"wp","href":"https:\/\/api.w.org\/{rel}","templated":true}]}}