{"id":632,"date":"2020-02-04T10:00:48","date_gmt":"2020-02-04T09:00:48","guid":{"rendered":"https:\/\/elithus.se\/kommersiell\/?page_id=632"},"modified":"2025-02-17T14:18:42","modified_gmt":"2025-02-17T13:18:42","slug":"miljo-klimat","status":"publish","type":"page","link":"https:\/\/elithus.se\/kommersiell\/miljo-klimat\/","title":{"rendered":"Milj\u00f6\/Klimat"},"content":{"rendered":"<p><img loading=\"lazy\" decoding=\"async\" class=\"aligncenter wp-image-1078 size-medium\" src=\"https:\/\/elithus.se\/wp-content\/uploads\/2022\/04\/miljoklimat-darkwater-300x300.jpg\" alt=\"\" width=\"300\" height=\"300\" \/><\/p>\n<p><span lang=\"SV\">V\u00e5r m\u00e5ls\u00e4ttning \u00e4r att vara Sveriges fr\u00e4msta byggf\u00f6retag inom milj\u00f6- och klimatfr\u00e5gor. Vi brinner f\u00f6r milj\u00f6n och vill hj\u00e4lpa till att forma framtiden &#8211; inte bara genom v\u00e5rt eget byggande, utan ocks\u00e5 genom att visa andra brancher hur mycket vi faktiskt kan p\u00e5verka b\u00e5de som f\u00f6retag och individer.<\/span><\/p>\n<p><span lang=\"SV\">Vi inledde m\u00e5ls\u00e4ttningen med 20 milj\u00f6punkter \u00e5r 2020, sedan dess har vi fortsatt arbeta fram fler. Nedan kan du ta del av punkterna i v\u00e5rt milj\u00f6program som vi d\u00f6pte till\u00a0<strong>Milj\u00f6\/Klimat 2020<\/strong>:<\/span><\/p>\n<p><span lang=\"SV\"><span style=\"color: #ffffff;\">.<\/span><\/span><\/p>\n<p><strong>BYGG<\/strong><\/p>\n<p>1. \u00a0 <strong>Gr\u00f6nt Bol\u00e5n <\/strong>\u2013 samtliga hus Elithus bygger kvalificeras till Gr\u00f6nt Bol\u00e5n, vilket ger r\u00e4nterabatt hos banken (2022)<\/p>\n<p>2. \u00a0 <strong>Solceller <\/strong>\u2013 Kostnadsfri f\u00f6rberedelse f\u00f6r solceller ing\u00e5r i alla v\u00e5ra hus och vi hj\u00e4lper v\u00e5ra best\u00e4llare att best\u00e4lla solcellerna till ett rabatterat pris (2020)<\/p>\n<p>3. \u00a0 <strong>\u00c5tervinning <\/strong>\u2013 \u00d6ver 99 % av allt byggavfall som l\u00e4mnar v\u00e5ra arbetsplatser \u00e5tervinns och redovisas, detta i samarbete med Sortera (2019)<\/p>\n<p>4. \u00a0 <strong>Nattbelysning <\/strong>\u2013 Vi inkluderar astronomiska tidur kostnadsfritt i alla v\u00e5ra hus. Dessa styr utomhusbelysningen s\u00e5 att den enbart lyser de timmar p\u00e5 dygnet d\u00e5 man \u00e4r aktiv och solen \u00e4r nere, dessutom justerar den sig efter \u00e5rstiderna. Detta \u00e4r bra f\u00f6r b\u00e5de energif\u00f6rbrukningen och f\u00f6r ekosystem som st\u00f6rs av nattbelysning (2021)<\/p>\n<p>5. \u00a0 <strong>Ljusk\u00e4llor <\/strong>\u2013 Alla ljusk\u00e4llor i v\u00e5ra hus \u00e4r av senaste LED-teknologi (2019)<\/p>\n<p>6. \u00a0 <strong>Underh\u00e5ll <\/strong>\u2013 Via v\u00e5rt koncept Elithem underh\u00e5ller vi v\u00e5ra kunders hus f\u00f6r att de ska h\u00e5lla l\u00e4ngre, till exempel genom att sk\u00f6ta om altaner och fasader (2019)<\/p>\n<p>7. \u00a0 <strong>Ekologiska medel <\/strong>\u2013 Vi anv\u00e4nder enbart ekologiska och naturliga st\u00e4dartiklar, likas\u00e5 \u00e4r handtv\u00e5len p\u00e5 alla v\u00e5ra arbetsplatser alltid gjord p\u00e5 endast naturliga r\u00e5varor (2020)<\/p>\n<p>8. \u00a0 <strong>Sops\u00e4ckar <\/strong>\u2013\u00a0Vi anv\u00e4nder enbart Biobags som \u00e4r gjorda av \u00e5tervunnen plast och sockerr\u00f6r\/bambu (2020)<\/p>\n<p>9. \u00a0 <strong>Batterier <\/strong>\u2013 Endast laddningsbara batterier f\u00e5r anv\u00e4ndas i verktyg, ficklampor m.m. Alla bygglag \u00e4r utrustade med laddare (2020)<br \/>\n<span lang=\"SV\"><span style=\"color: #ffffff;\">.<\/span><\/span><\/p>\n<p><strong>PERSONAL &amp; UTBILDNING<\/strong><\/p>\n<p>10. \u00a0 <strong>H\u00e5llbarhets<\/strong><strong>utbildning <\/strong>\u2013 V\u00e5r personal f\u00e5r regelbunden milj\u00f6utbildning med fokus p\u00e5 milj\u00f6medvetande p\u00e5 arbetet (ex. sophantering och h\u00e5llbarhet i material) och privat (t.ex. \u00e5tervinning och elbesparing) (2020)<\/p>\n<p>11. \u00a0 <strong>Milj\u00f6arbete p\u00e5 arbetstid <\/strong>\u2013 V\u00e5ra anst\u00e4llda f\u00e5r utf\u00f6ra milj\u00f6projekt efter egna f\u00f6rslag under arbetstid och d\u00e4rigenom inspirera sin omgivning till att b\u00e4ttre ta hand om v\u00e5r natur (2023)<\/p>\n<p>12. \u00a0 <strong>100 % v\u00e4xtbaserad mat <\/strong>\u2013 Vi serverar endast v\u00e4xtbaserad (vegansk) mat p\u00e5 samtliga konferenser, m\u00f6ten och events. Ut\u00f6ver det\u00a0\u00e4ter v\u00e5r ledningsgrupp 100% v\u00e4xtbaserat (2019)<\/p>\n<p>13. \u00a0 <strong>H\u00e5llbara kl\u00e4der <\/strong>\u2013 Vi g\u00e5r gradvis \u00f6ver till ekologisk bomull, bambu och \u00e5tervunnen polyester i personalkl\u00e4derna samt utesluter l\u00e4der, dun och ull helt fr.o.m. 2021 (2020)<\/p>\n<p>14. \u00a0 <strong>Inga eng\u00e5ngsartiklar <\/strong>\u2013 Eng\u00e5ngsartiklar \u00e4r inte till\u00e5tna i n\u00e5got led (2020)<\/p>\n<p>15. \u00a0 <strong>Eko p\u00e5 fikat <\/strong>\u2013 Kaffet och t\u00e9et p\u00e5 fikarasterna \u00e4r alltid ekologiskt och fair trade-m\u00e4rkt. Mj\u00f6lk och gr\u00e4dde har bytts ut mot v\u00e4xtbaserade alternativ (2020)<\/p>\n<p>16. \u00a0 <strong>Egna kassar <\/strong>\u2013 Vi anv\u00e4nder endast egna b\u00e4rkassar vid byggvaruhusbes\u00f6k samt privat. Vi har tagit fram h\u00e5llbara kassar i jute som \u00e4r ett av de mest milj\u00f6v\u00e4nliga materialen (2021)<\/p>\n<p>17. \u00a0 <strong>B\u00f6cker <\/strong>\u2013 I v\u00e5rt personalbibliotek har vi b\u00f6cker om h\u00e5llbarhet, natur och milj\u00f6 p\u00e5 fyra olika spr\u00e5k (2021)<\/p>\n<p>18. \u00a0 <strong>H\u00e4lsosam &amp; m<\/strong><strong>ilj\u00f6v\u00e4nlig mat <\/strong>\u2013 Vi ordnar matlagningskurser och kontinuerliga mattips till personalen f\u00f6r att inspirera till nyttiga och h\u00e5llbara matvanor fr\u00e5n v\u00e4xtriket (2020)<br \/>\n<span lang=\"SV\"><span style=\"color: #ffffff;\">.<\/span><\/span><\/p>\n<p><strong>TRANSPORT<\/strong><\/p>\n<p>19. \u00a0 <strong>Korta transporter <\/strong>\u2013 V\u00e5r huvudleverant\u00f6r Beijer\/Bygg-Ole \u00e4r det fysiskt n\u00e4rmaste bel\u00e4gna byggvaruhuset till v\u00e5ra projekt och vi samplanerar alltid transporterna som \u00e4r 100% fossilfria (2019)<\/p>\n<p>20. \u00a0 <strong>Servicebilar <\/strong>\u2013 V\u00e5ra servicebilar tankar minst 45% fossilfritt (vi arbetar p\u00e5 att n\u00e5 100% inom kort). Ut\u00f6ver det \u00e4r v\u00e5r ledningsbil helt eldriven (2016)<\/p>\n<p>21. \u00a0 <strong>H\u00e5llbara konferenser <\/strong>\u2013 Samtliga\u00a0konferenser, m\u00f6ten, resor och events ska vara maximalt h\u00e5llbara utifr\u00e5n kriterierna transport och milj\u00f6p\u00e5verkan. Inf\u00f6r dessa organiseras sam\u00e5kning eller milj\u00f6v\u00e4nliga transportalternativ som t\u00e5g. Flygresor \u00e4r helt uteslutna (2020)<br \/>\n<span lang=\"SV\"><span style=\"color: #ffffff;\">.<\/span><\/span><\/p>\n<p><strong>ADMINISTRATION &amp; AVTAL<br \/>\n<\/strong><\/p>\n<p>22. \u00a0 <strong>Elavtal <\/strong>\u2013 Den el vi anv\u00e4nder f\u00f6r bygg och lokaler \u00e4r uteslutande fr\u00e5n fossilfria k\u00e4llor (2020)<\/p>\n<p>23. \u00a0 <strong>Pappersfri redovisning <\/strong>\u2013 Vi har 100 % pappersfri redovisning. Vi ber\u00e4knar att detta sparar \u00f6ver 2000 A4-ark \u00e5rligen (2020)<\/p>\n<p>24. \u00a0 <strong>Digitala avtal <\/strong>\u2013 Vi har 100 % pappersfri avtalssignering i samarbete med Assently (2022)<\/p>\n<p>25. \u00a0 <strong>Sparande <\/strong>\u2013 Vi sparar endast i fonder och v\u00e4rdepapper som har h\u00e5llbarhetsm\u00e4rkning och unders\u00f6ker sj\u00e4lva vilka f\u00f6retags aktier som ing\u00e5r i dessa (2021)<\/p>\n<p>26. \u00a0 <strong>\u00c5tervunnet papper <\/strong>\u2013 Vi k\u00f6per endast \u00e5tervunnet skrivarpapper och \u00e5tervinner allt papper vi f\u00f6rbrukat (papper anv\u00e4nds numera endast f\u00f6r ritningar) (2020)<\/p>\n<p><span lang=\"SV\"><span style=\"color: #ffffff;\">.<\/span><\/span><\/p>\n<p><strong>SAMH\u00c4LLSANSVAR<\/strong><\/p>\n<p>27. \u00a0 <strong>Donationer <\/strong>\u2013 Vi donerar pengar till minst 14 olika milj\u00f6-, klimat- och djurskyddsorganisationer \u00e5rligen (2020)<\/p>\n<p>28. \u00a0 <strong>P\u00e5verkan och krav <\/strong>\u2013 Vi f\u00f6r en konstant dialog med v\u00e5ra leverant\u00f6rer d\u00e4r vi arbetar fram milj\u00f6v\u00e4nliga processer och st\u00e4ller krav d\u00e4r s\u00e5dana processer Ut\u00f6ver det s\u00e4tter vi milj\u00f6 och klimat p\u00e5 agendan politiskt genom en dialog med lokala partier och partier i riksdagen. Varje val\u00e5r fr.o.m. 2022 sammanst\u00e4ller vi ocks\u00e5 en valkompass f\u00f6r icke-svenskspr\u00e5kig personal (2021)<\/p>\n<p>29. \u00a0 <strong>Debatt och opinionsbildning <\/strong>\u2013 Vi deltar i samh\u00e4llsdebatten och skriver debattartiklar inom omr\u00e5dena h\u00e5llbarhet, h\u00e4lsa och djur &amp; natur. Ta del av\u00a0<a href=\"https:\/\/linktr.ee\/mishaistratov\">artiklarna h\u00e4r<\/a>\u00a0(2023)<\/p>\n<p>30. \u00a0 <strong>Medlemskap <\/strong>\u2013 Vi \u00e4r medlemmar i\u00a0<a href=\"https:\/\/www.ecocidelawalliance.org\/support\/supporting-companies\/\">Ekocide Law Alliance<\/a>\u00a0och\u00a0<a href=\"https:\/\/www.thelawfornature.earth\/community\">Law for Nature<\/a>\u00a0som b\u00e5da arbetar f\u00f6r att naturen ska ha en juridisk r\u00f6st. Ut\u00f6ver detta \u00e4r vi officiellt st\u00f6df\u00f6retag till\u00a0<a href=\"https:\/\/www.naturskyddsforeningen.se\/stod-oss\/foretag\/bli-stodforetag\/naturskyddsforeningens-stodforetag\/\">Naturskyddsf\u00f6reningen<\/a>\u00a0och\u00a0<a href=\"https:\/\/djurensratt.se\/stod-oss\/foretag#db448b6c-9a4b-4ea5-8bb6-968aa940723b\">Djurens R\u00e4tt<\/a>\u00a0(2023)<\/p>\n<p>31. \u00a0 <strong>Tr\u00e4dplantering <\/strong>\u2013 Vi planterar 1000 tr\u00e4d f\u00f6r varje hus vi bygger. Se v\u00e5r skog hos Tree-Nation\u00a0<a href=\"https:\/\/tree-nation.com\/profile\/elithus\">h\u00e4r<\/a>\u00a0(2022)<\/p>\n<p>32. \u00a0 <strong>Petitioner <\/strong>\u2013 Vi\u00a0signerar namninsamlingar f\u00f6r milj\u00f6-, klimat-, djurr\u00e4tts- och fredsorganisationer, \u00e5rligen finns v\u00e5r r\u00f6st med i minst 150 petitioner (2021)<\/p>\n<p>33. \u00a0 <strong>Aktivism <\/strong>\u2013 Vi kontaktar regelbundet f\u00f6retag och organisationer g\u00e4llande f\u00f6rb\u00e4ttringsomr\u00e5den inom milj\u00f6-, klimat-, h\u00e5llbarhets- och djurr\u00e4ttsfr\u00e5gor. T.ex. genom att efterfr\u00e5ga mer v\u00e4xtbaserat p\u00e5 menyn eller hyllan, avb\u00f6ja fr\u00e5n pappersutskick eller att be om upph\u00f6rande med fossil reklam (2021)<br \/>\n<span lang=\"SV\"><span style=\"color: #ffffff;\">.<\/span><\/span><\/p>\n<p><strong>DESIGN<\/strong><\/p>\n<p>34. \u00a0 <strong>H\u00e5llbar design <\/strong>\u2013 Vi har en arbetsmetod d\u00e4r vi designar och bygger v\u00e5ra hus s\u00e5 att vi i st\u00f6rsta m\u00f6jliga utstr\u00e4ckning undviker spr\u00e4ngning, n\u00e5got som annars \u00e4r kutym p\u00e5 tomter i Stockholmsomr\u00e5det. F\u00f6rutom milj\u00f6f\u00f6rdelar som minskade transporter av berg, minskad anv\u00e4ndning av spr\u00e4ngmedel och kostnadsbesparing, bidrar det ocks\u00e5 till att v\u00e5ra hus blir mer intressanta och framf\u00f6r allt mer terr\u00e4nganpassade (2008)<\/p>\n<p>35. \u00a0 <strong>Bevara ist\u00e4llet f\u00f6r att bygga nytt <\/strong>\u2013 Vi rekommenderar alltid kunder som har \u00e4ldre hus att renovera och designa om i f\u00f6rsta hand n\u00e4r f\u00f6ruts\u00e4ttningarna f\u00f6r detta finns (2008)<\/p>\n<p>36. \u00a0 <strong>Skyddande av<\/strong><strong> tr\u00e4d\u00a0<\/strong>\u2013 Vi bygger l\u00e5dor och skydd kring tr\u00e4d i de fall vi beh\u00f6ver h\u00f6ja markniv\u00e5n, f\u00f6r att undvika tr\u00e4df\u00e4llning och f\u00f6r att spara vackra och ofta gamla tr\u00e4d (2008)<\/p>\n<p>37. \u00a0<strong> Innovativa och h\u00e5llbara byggmaterial<\/strong> &#8211; Vi tar fram nya l\u00f6sningar f\u00f6r material inom byggbranschen med ett kombinerat fokus p\u00e5 estetik och h\u00e5llbarhet. Under 2025 kommer vi att lansera ett projekt med ett mycket sp\u00e4nnande fasadmaterial (2024)<\/p>\n<p><span lang=\"SV\"><span style=\"color: #ffffff;\">.<\/span><\/span><\/p>\n<div>\n<p>R\u00e4cker detta? <span lang=\"SV\">&#8211; <\/span>Nej<span lang=\"SV\">, <\/span>inte p\u00e5 l\u00e5nga v\u00e4gar<span lang=\"SV\">!<\/span><\/p>\n<\/div>\n<div>\n<p><span lang=\"SV\">V<\/span>i jobbar dagligen med att uppt\u00e4cka nya s\u00e4tt att bli mer <span lang=\"SV\">ansvars<\/span>tagande i v\u00e5rt f\u00f6rh\u00e5llningss\u00e4tt till natur<span lang=\"SV\">en<\/span>, milj\u00f6<span lang=\"SV\">n<\/span> och v\u00e5r omgivning.<\/p>\n<\/div>\n<div>\n<p>Vill du veta mer om v\u00e5rt milj\u00f6arbete? Kontakta oss g\u00e4rna s\u00e5 delar vi med oss av v\u00e5ra erfarenheter. Har du id\u00e9er p\u00e5 hur vi kan bli \u00e4nnu mer milj\u00f6v\u00e4nliga? Vi tar tacksamt emot din feedback!<\/p>\n<\/div>\n","protected":false},"excerpt":{"rendered":"<p>V\u00e5r m\u00e5ls\u00e4ttning \u00e4r att vara Sveriges fr\u00e4msta byggf\u00f6retag inom milj\u00f6- och klimatfr\u00e5gor. Vi brinner f\u00f6r milj\u00f6n och vill hj\u00e4lpa till att forma framtiden &#8211; inte bara genom v\u00e5rt eget byggande, utan ocks\u00e5 genom att visa andra brancher hur mycket vi faktiskt kan p\u00e5verka b\u00e5de som f\u00f6retag och individer. Vi inledde m\u00e5ls\u00e4ttningen med 20 milj\u00f6punkter \u00e5r [&hellip;]<\/p>\n","protected":false},"author":2,"featured_media":86,"parent":0,"menu_order":0,"comment_status":"closed","ping_status":"closed","template":"template-environment.php","meta":{"footnotes":""},"class_list":["post-632","page","type-page","status-publish","has-post-thumbnail","hentry"],"_links":{"self":[{"href":"https:\/\/elithus.se\/kommersiell\/wp-json\/wp\/v2\/pages\/632","targetHints":{"allow":["GET"]}}],"collection":[{"href":"https:\/\/elithus.se\/kommersiell\/wp-json\/wp\/v2\/pages"}],"about":[{"href":"https:\/\/elithus.se\/kommersiell\/wp-json\/wp\/v2\/types\/page"}],"author":[{"embeddable":true,"href":"https:\/\/elithus.se\/kommersiell\/wp-json\/wp\/v2\/users\/2"}],"replies":[{"embeddable":true,"href":"https:\/\/elithus.se\/kommersiell\/wp-json\/wp\/v2\/comments?post=632"}],"version-history":[{"count":14,"href":"https:\/\/elithus.se\/kommersiell\/wp-json\/wp\/v2\/pages\/632\/revisions"}],"predecessor-version":[{"id":929,"href":"https:\/\/elithus.se\/kommersiell\/wp-json\/wp\/v2\/pages\/632\/revisions\/929"}],"wp:featuredmedia":[{"embeddable":true,"href":"https:\/\/elithus.se\/kommersiell\/wp-json\/wp\/v2\/media\/86"}],"wp:attachment":[{"href":"https:\/\/elithus.se\/kommersiell\/wp-json\/wp\/v2\/media?parent=632"}],"curies":[{"name":"wp","href":"https:\/\/api.w.org\/{rel}","templated":true}]}}