{"id":527,"date":"2017-12-06T10:11:45","date_gmt":"2017-12-06T09:11:45","guid":{"rendered":"https:\/\/elithus.se\/kommersiell\/?page_id=527"},"modified":"2020-03-12T18:37:21","modified_gmt":"2020-03-12T17:37:21","slug":"detta-ar-elithus","status":"publish","type":"page","link":"https:\/\/elithus.se\/kommersiell\/detta-ar-elithus\/","title":{"rendered":"Detta \u00e4r Elithus"},"content":{"rendered":"<p><img loading=\"lazy\" decoding=\"async\" class=\"aligncenter size-full wp-image-546\" src=\"https:\/\/elithus.se\/kommersiell\/wp-content\/uploads\/sites\/4\/2017\/12\/this-is-elithus-2.jpg\" alt=\"\" width=\"1003\" height=\"171\" srcset=\"https:\/\/elithus.se\/kommersiell\/wp-content\/uploads\/sites\/4\/2017\/12\/this-is-elithus-2.jpg 1003w, https:\/\/elithus.se\/kommersiell\/wp-content\/uploads\/sites\/4\/2017\/12\/this-is-elithus-2-300x51.jpg 300w, https:\/\/elithus.se\/kommersiell\/wp-content\/uploads\/sites\/4\/2017\/12\/this-is-elithus-2-768x131.jpg 768w\" sizes=\"auto, (max-width: 1003px) 100vw, 1003px\" \/><\/p>\n<ul>\n<li>Enbart egna anst\u00e4llda hantverkare, inga underentrepren\u00f6rer \u2013 p\u00e5 s\u00e5 s\u00e4tt garanterar vi en maximalt kvalitativ byggprocess<\/li>\n<li>EN kontakt fr\u00e5n f\u00f6rsta m\u00f6te till inflytt, en person svarar f\u00f6r hela din process<\/li>\n<li>Har under 14 \u00e5r byggt \u00f6ver 30 hus och utf\u00f6rt \u00f6ver 50 renoveringar\/tillbyggnader <a href=\"https:\/\/elithus.se\/vara-hus\/\">se n\u00e5gra av dem h\u00e4r<\/a><\/li>\n<li>Stabil ekonomi, vi tillh\u00f6r de 3 % av Sveriges byggf\u00f6retag som har <a href=\"http:\/\/soliditet.se\/Pages\/AAASubPage____174.aspx\" target=\"_blank\" rel=\"noopener\">AAA-rating<\/a><\/li>\n<li>Milj\u00f6t\u00e4nk &#8211; vi siktar p\u00e5 att vara Sveriges milj\u00f6- och klimatv\u00e4nligaste byggf\u00f6retag, se mer <a href=\"https:\/\/elithus.se\/kommersiell\/miljo\/\">h\u00e4r<\/a><\/li>\n<li>V\u00e5trumsbeh\u00f6riga enligt BBV16<\/li>\n<li>Servar ditt hus genom alla kommande \u00e5r, l\u00e4s mer om <a href=\"https:\/\/elithus.se\/elithusforlife\/\">Elithus4Life<\/a><\/li>\n<li>Vi \u00e4r f\u00f6rs\u00e4krade till 10 M kr i varje byggprojekt<\/li>\n<li>Vi anv\u00e4nder endast kvalitetsmaterial genom v\u00e5ra leverant\u00f6rer, vi k\u00f6per det mesta via Beijer som \u00e4r en av Sveriges mest anf\u00f6rtrodda leverant\u00f6rer<\/li>\n<li>H\u00e5ller tiden, vi har inte betalt en krona i vite under 14 \u00e5rs verksamhet<\/li>\n<li>Tar hand om v\u00e5ra anst\u00e4llda, l\u00e4s om v\u00e5rt program <a href=\"https:\/\/elithus.se\/elithus-liv\/\">Elithus Liv<\/a><\/li>\n<\/ul>\n<p style=\"text-align: center;\"><strong>Vill du veta mer?<\/strong><br \/>\nL\u00e4s om hela processen <a href=\"https:\/\/elithus.se\/kommersiell\/ditt-projekt\/\">h\u00e4r<\/a>.<\/p>\n<p style=\"text-align: center;\"><strong>Vill du veta vad v\u00e5ra kunder sager om oss?<\/strong><br \/>\n<a href=\"https:\/\/elithus.se\/kommersiell\/sagt-om-oss\/\">L\u00e4s n\u00e5gra citat<\/a>.<\/p>\n","protected":false},"excerpt":{"rendered":"<p>Enbart egna anst\u00e4llda hantverkare, inga underentrepren\u00f6rer \u2013 p\u00e5 s\u00e5 s\u00e4tt garanterar vi en maximalt kvalitativ byggprocess EN kontakt fr\u00e5n f\u00f6rsta m\u00f6te till inflytt, en person svarar f\u00f6r hela din process Har under 14 \u00e5r byggt \u00f6ver 30 hus och utf\u00f6rt \u00f6ver 50 renoveringar\/tillbyggnader se n\u00e5gra av dem h\u00e4r Stabil ekonomi, vi tillh\u00f6r de 3 % [&hellip;]<\/p>\n","protected":false},"author":2,"featured_media":0,"parent":0,"menu_order":0,"comment_status":"closed","ping_status":"closed","template":"template-this-is.php","meta":{"footnotes":""},"class_list":["post-527","page","type-page","status-publish","hentry"],"_links":{"self":[{"href":"https:\/\/elithus.se\/kommersiell\/wp-json\/wp\/v2\/pages\/527","targetHints":{"allow":["GET"]}}],"collection":[{"href":"https:\/\/elithus.se\/kommersiell\/wp-json\/wp\/v2\/pages"}],"about":[{"href":"https:\/\/elithus.se\/kommersiell\/wp-json\/wp\/v2\/types\/page"}],"author":[{"embeddable":true,"href":"https:\/\/elithus.se\/kommersiell\/wp-json\/wp\/v2\/users\/2"}],"replies":[{"embeddable":true,"href":"https:\/\/elithus.se\/kommersiell\/wp-json\/wp\/v2\/comments?post=527"}],"version-history":[{"count":0,"href":"https:\/\/elithus.se\/kommersiell\/wp-json\/wp\/v2\/pages\/527\/revisions"}],"wp:attachment":[{"href":"https:\/\/elithus.se\/kommersiell\/wp-json\/wp\/v2\/media?parent=527"}],"curies":[{"name":"wp","href":"https:\/\/api.w.org\/{rel}","templated":true}]}}