{"id":5,"date":"2017-11-13T09:14:30","date_gmt":"2017-11-13T08:14:30","guid":{"rendered":"https:\/\/elithus.se\/kommersiell\/?page_id=5"},"modified":"2023-03-22T11:13:06","modified_gmt":"2023-03-22T10:13:06","slug":"hem","status":"publish","type":"page","link":"https:\/\/elithus.se\/kommersiell\/","title":{"rendered":"Hem"},"content":{"rendered":"<p>Elithus har byggt m\u00e5nga av Stockholms mest intressanta\u00a0villor sedan 2006 och arbetar sedan 2012 \u00e4ven med nyproduktion av kommersiella fastigheter.<\/p>\n<p>Vi har nyligen f\u00e4rdigst\u00e4llt det sp\u00e4nnande projektet Str\u00f6mma Sk\u00e4rg\u00e5rdsstad som \u00e4r Stockholms f\u00f6rsta helt platsbyggda och exklusiva bostadsr\u00e4ttsprojekt, bel\u00e4get ovanf\u00f6r Str\u00f6mma Kanal p\u00e5 V\u00e4rmd\u00f6.<\/p>\n<p>V\u00e5ra grundv\u00e4rderingar k\u00e4rlek, respekt och medk\u00e4nsla genomsyrar alla processer i bolaget.<br \/>\nGenom marknadens mest omfattande garantier ger vi v\u00e5ra best\u00e4llare en trygg och livsl\u00e5ng kvalit\u00e9tsupplevelse.<\/p>\n<p>2020 satte vi \u00e4ven m\u00e5ls\u00e4ttningen att vara Sveriges mest milj\u00f6- och klimatsmarta byggf\u00f6retag.<\/p>\n<p>Vill du f\u00f6lja med p\u00e5 v\u00e5r sp\u00e4nnande resa kan du skriva upp dig p\u00e5 v\u00e5rt <a href=\"https:\/\/elithus.se\/kontakt\/\">nyhetsbrev<\/a>.<\/p>\n","protected":false},"excerpt":{"rendered":"<p>Elithus har byggt m\u00e5nga av Stockholms mest intressanta\u00a0villor sedan 2006 och arbetar sedan 2012 \u00e4ven med nyproduktion av kommersiella fastigheter. Vi har nyligen f\u00e4rdigst\u00e4llt det sp\u00e4nnande projektet Str\u00f6mma Sk\u00e4rg\u00e5rdsstad som \u00e4r Stockholms f\u00f6rsta helt platsbyggda och exklusiva bostadsr\u00e4ttsprojekt, bel\u00e4get ovanf\u00f6r Str\u00f6mma Kanal p\u00e5 V\u00e4rmd\u00f6. V\u00e5ra grundv\u00e4rderingar k\u00e4rlek, respekt och medk\u00e4nsla genomsyrar alla processer i bolaget. [&hellip;]<\/p>\n","protected":false},"author":1,"featured_media":0,"parent":0,"menu_order":0,"comment_status":"closed","ping_status":"closed","template":"template-home.php","meta":{"footnotes":""},"class_list":["post-5","page","type-page","status-publish","hentry"],"_links":{"self":[{"href":"https:\/\/elithus.se\/kommersiell\/wp-json\/wp\/v2\/pages\/5","targetHints":{"allow":["GET"]}}],"collection":[{"href":"https:\/\/elithus.se\/kommersiell\/wp-json\/wp\/v2\/pages"}],"about":[{"href":"https:\/\/elithus.se\/kommersiell\/wp-json\/wp\/v2\/types\/page"}],"author":[{"embeddable":true,"href":"https:\/\/elithus.se\/kommersiell\/wp-json\/wp\/v2\/users\/1"}],"replies":[{"embeddable":true,"href":"https:\/\/elithus.se\/kommersiell\/wp-json\/wp\/v2\/comments?post=5"}],"version-history":[{"count":3,"href":"https:\/\/elithus.se\/kommersiell\/wp-json\/wp\/v2\/pages\/5\/revisions"}],"predecessor-version":[{"id":844,"href":"https:\/\/elithus.se\/kommersiell\/wp-json\/wp\/v2\/pages\/5\/revisions\/844"}],"wp:attachment":[{"href":"https:\/\/elithus.se\/kommersiell\/wp-json\/wp\/v2\/media?parent=5"}],"curies":[{"name":"wp","href":"https:\/\/api.w.org\/{rel}","templated":true}]}}