{"id":174,"date":"2017-11-28T16:26:39","date_gmt":"2017-11-28T15:26:39","guid":{"rendered":"https:\/\/elithus.se\/kommersiell\/?page_id=174"},"modified":"2023-03-22T11:20:27","modified_gmt":"2023-03-22T10:20:27","slug":"home","status":"publish","type":"page","link":"https:\/\/elithus.se\/kommersiell\/en\/home\/","title":{"rendered":"Home"},"content":{"rendered":"<p>Elithus has built many of Stockholm&#8217;s most interesting villas since 2006 and since 2012 also builds commercial properties.<\/p>\n<p>We have recently completed the exciting project Str\u00f6mma Sk\u00e4rg\u00e5rdsstad, which is Stockholm&#8217;s first completely site-built and exclusive condominium project, located above Str\u00f6mma Kanal on V\u00e4rmd\u00f6.<\/p>\n<p>Our core values of love, respect and compassion permeate all processes in the company.<br \/>\nThrough the market&#8217;s most comprehensive warranties, we give our clients a safe and lifelong quality experience.<\/p>\n<p>In 2020, we also set the goal of being Sweden&#8217;s most environmentally and climate-smart construction company.\u00a0<span style=\"font-size: revert;\">Welcome to follow our exciting journey in our <\/span><a style=\"font-size: revert;\" href=\"https:\/\/elithus.se\/kommersiell\/en\/contact\/\">news letter<\/a><span style=\"font-size: revert;\">.<\/span><\/p>\n","protected":false},"excerpt":{"rendered":"<p>Elithus has built many of Stockholm&#8217;s most interesting villas since 2006 and since 2012 also builds commercial properties. We have recently completed the exciting project Str\u00f6mma Sk\u00e4rg\u00e5rdsstad, which is Stockholm&#8217;s first completely site-built and exclusive condominium project, located above Str\u00f6mma Kanal on V\u00e4rmd\u00f6. Our core values of love, respect and compassion permeate all processes in [&hellip;]<\/p>\n","protected":false},"author":2,"featured_media":0,"parent":0,"menu_order":0,"comment_status":"closed","ping_status":"closed","template":"template-home.php","meta":{"footnotes":""},"class_list":["post-174","page","type-page","status-publish","hentry"],"_links":{"self":[{"href":"https:\/\/elithus.se\/kommersiell\/wp-json\/wp\/v2\/pages\/174","targetHints":{"allow":["GET"]}}],"collection":[{"href":"https:\/\/elithus.se\/kommersiell\/wp-json\/wp\/v2\/pages"}],"about":[{"href":"https:\/\/elithus.se\/kommersiell\/wp-json\/wp\/v2\/types\/page"}],"author":[{"embeddable":true,"href":"https:\/\/elithus.se\/kommersiell\/wp-json\/wp\/v2\/users\/2"}],"replies":[{"embeddable":true,"href":"https:\/\/elithus.se\/kommersiell\/wp-json\/wp\/v2\/comments?post=174"}],"version-history":[{"count":4,"href":"https:\/\/elithus.se\/kommersiell\/wp-json\/wp\/v2\/pages\/174\/revisions"}],"predecessor-version":[{"id":849,"href":"https:\/\/elithus.se\/kommersiell\/wp-json\/wp\/v2\/pages\/174\/revisions\/849"}],"wp:attachment":[{"href":"https:\/\/elithus.se\/kommersiell\/wp-json\/wp\/v2\/media?parent=174"}],"curies":[{"name":"wp","href":"https:\/\/api.w.org\/{rel}","templated":true}]}}