{"id":17,"date":"2017-11-13T09:16:29","date_gmt":"2017-11-13T09:16:29","guid":{"rendered":"https:\/\/elithus.se\/kommersiell\/?page_id=17"},"modified":"2023-11-08T09:20:15","modified_gmt":"2023-11-08T08:20:15","slug":"kontakt","status":"publish","type":"page","link":"https:\/\/elithus.se\/kommersiell\/kontakt\/","title":{"rendered":"Kontakt"},"content":{"rendered":"\n<div class=\"wp-block-columns is-layout-flex wp-container-core-columns-is-layout-9d6595d7 wp-block-columns-is-layout-flex\">\n<div class=\"wp-block-column is-layout-flow wp-block-column-is-layout-flow\"><div class=\"wp-block-image\">\n<figure class=\"aligncenter size-full is-resized\"><img loading=\"lazy\" decoding=\"async\" src=\"\/wp-content\/uploads\/2022\/04\/AAA-2020-Logo.jpg\" alt=\"\" class=\"wp-image-762\" width=\"187\" height=\"125\"\/><\/figure>\n<\/div>\n\n\n<div style=\"height:20px\" aria-hidden=\"true\" class=\"wp-block-spacer\"><\/div>\n\n\n<div class=\"wp-block-image\">\n<figure class=\"aligncenter size-thumbnail\"><a href=\"https:\/\/branschvinnare.se\/\" target=\"_blank\" rel=\"noreferrer noopener\"><img loading=\"lazy\" decoding=\"async\" width=\"150\" height=\"150\" src=\"https:\/\/elithus.se\/kommersiell\/wp-content\/uploads\/sites\/4\/2023\/11\/Branschvinnare-2023-150x150.png\" alt=\"\" class=\"wp-image-879\" srcset=\"https:\/\/elithus.se\/kommersiell\/wp-content\/uploads\/sites\/4\/2023\/11\/Branschvinnare-2023-150x150.png 150w, https:\/\/elithus.se\/kommersiell\/wp-content\/uploads\/sites\/4\/2023\/11\/Branschvinnare-2023-300x300.png 300w, https:\/\/elithus.se\/kommersiell\/wp-content\/uploads\/sites\/4\/2023\/11\/Branschvinnare-2023.png 709w\" sizes=\"auto, (max-width: 150px) 100vw, 150px\" \/><\/a><\/figure>\n<\/div>\n\n\n<p class=\"has-text-align-center\"><strong>Elithus i Stockholm AB<\/strong><br><strong><strong>Ripv\u00e4gen 10<\/strong><\/strong><br><strong>139 41 V\u00e4rmd\u00f6<\/strong> <br><strong>VAT number SE55671071066<\/strong><br><strong>Organisationsnummer: 556710-7106<\/strong><\/p>\n\n\n\n<div style=\"height:20px\" aria-hidden=\"true\" class=\"wp-block-spacer\"><\/div>\n\n\n\n<p class=\"has-text-align-center\"><strong>VD Misha Istratov<\/strong><br><strong>0709-797-797<\/strong><br><strong>misha@elithus.se<\/strong><\/p>\n<\/div>\n\n\n\n<div class=\"wp-block-column is-layout-flow wp-block-column-is-layout-flow\">\n<p><strong>Nyhetsbrev<\/strong><\/p>\n\n\n<script>(function() {\n\twindow.mc4wp = window.mc4wp || {\n\t\tlisteners: [],\n\t\tforms: {\n\t\t\ton: function(evt, cb) {\n\t\t\t\twindow.mc4wp.listeners.push(\n\t\t\t\t\t{\n\t\t\t\t\t\tevent   : evt,\n\t\t\t\t\t\tcallback: cb\n\t\t\t\t\t}\n\t\t\t\t);\n\t\t\t}\n\t\t}\n\t}\n})();\n<\/script><!-- Mailchimp for WordPress v4.10.9 - https:\/\/wordpress.org\/plugins\/mailchimp-for-wp\/ --><form id=\"mc4wp-form-1\" class=\"mc4wp-form mc4wp-form-716\" method=\"post\" data-id=\"716\" data-name=\"Elithus SWE\" ><div class=\"mc4wp-form-fields\"><p>\r\n  <br>Jag vill g\u00e4rna ha ert nyhetsbrev\r\n<\/p>\r\n<div class=\"wpcf7\">\r\n  <div class=\"columns\">\r\n\t<div class=\"column wpcf7-form-control-wrap\">\r\n      <input type=\"email\" name=\"EMAIL\" placeholder=\"Min mailadress:\" required \/>\r\n    <\/div>\r\n    <div class=\"column\">\r\n      <input type=\"submit\" value=\"SKICKA\" \/>\r\n    <\/div>\r\n  <\/div>\r\n<\/div>\r\n\t\t<\/div><label style=\"display: none !important;\">Leave this field empty if you're human: <input type=\"text\" name=\"_mc4wp_honeypot\" value=\"\" tabindex=\"-1\" autocomplete=\"off\" \/><\/label><input type=\"hidden\" name=\"_mc4wp_timestamp\" value=\"1776849957\" \/><input type=\"hidden\" name=\"_mc4wp_form_id\" value=\"716\" \/><input type=\"hidden\" name=\"_mc4wp_form_element_id\" value=\"mc4wp-form-1\" \/><div class=\"mc4wp-response\"><\/div><\/form><!-- \/ Mailchimp for WordPress Plugin -->\n\n\n\n<p><strong>\nKontaktformul\u00e4r<\/strong><\/p>\n\n\n<div class=\"wpforms-container wpforms-container-full\" id=\"wpforms-765\"><form id=\"wpforms-form-765\" class=\"wpforms-validate wpforms-form wpforms-ajax-form\" data-formid=\"765\" method=\"post\" enctype=\"multipart\/form-data\" action=\"\/kommersiell\/wp-json\/wp\/v2\/pages\/17\" data-token=\"633d175f74d3ad52343b68831d450121\" data-token-time=\"1776849957\"><noscript class=\"wpforms-error-noscript\">Please enable JavaScript in your browser to complete this form.<\/noscript><div class=\"wpforms-field-container\"><div id=\"wpforms-765-field_3-container\" class=\"wpforms-field wpforms-field-textarea\" data-field-id=\"3\"><label class=\"wpforms-field-label wpforms-label-hide\" for=\"wpforms-765-field_3\">Message<\/label><textarea id=\"wpforms-765-field_3\" class=\"wpforms-field-medium\" name=\"wpforms[fields][3]\" placeholder=\"Jag undrar:\" ><\/textarea><\/div><div id=\"wpforms-765-field_4-container\" class=\"wpforms-field wpforms-field-email\" data-field-id=\"4\"><label class=\"wpforms-field-label wpforms-label-hide\" for=\"wpforms-765-field_4\">Email <span class=\"wpforms-required-label\">*<\/span><\/label><input type=\"email\" id=\"wpforms-765-field_4\" class=\"wpforms-field-medium wpforms-field-required\" name=\"wpforms[fields][4]\" placeholder=\"Min mailadress:\" spellcheck=\"false\" required><\/div><\/div><!-- .wpforms-field-container --><div class=\"wpforms-recaptcha-container wpforms-is-recaptcha wpforms-is-recaptcha-type-v3\" ><input type=\"hidden\" name=\"wpforms[recaptcha]\" value=\"\"><\/div><div class=\"wpforms-submit-container\" ><input type=\"hidden\" name=\"wpforms[id]\" value=\"765\"><input type=\"hidden\" name=\"page_title\" value=\"\"><input type=\"hidden\" name=\"page_url\" value=\"https:\/\/elithus.se\/kommersiell\/wp-json\/wp\/v2\/pages\/17\"><input type=\"hidden\" name=\"url_referer\" value=\"\"><button type=\"submit\" name=\"wpforms[submit]\" id=\"wpforms-submit-765\" class=\"wpforms-submit\" data-alt-text=\"Sending...\" data-submit-text=\"Skicka\" aria-live=\"assertive\" value=\"wpforms-submit\">Skicka<\/button><img loading=\"lazy\" decoding=\"async\" src=\"https:\/\/elithus.se\/kommersiell\/wp-content\/plugins\/wpforms-lite\/assets\/images\/submit-spin.svg\" class=\"wpforms-submit-spinner\" style=\"display: none;\" width=\"26\" height=\"26\" alt=\"Loading\"><\/div><\/form><\/div>  <!-- .wpforms-container -->\n<\/div>\n<\/div>\n\n\n\n<p class=\"has-text-align-center\">Som kund hos Elithus f\u00e5r du v\u00e4lja helt sj\u00e4lv vilket k\u00f6k du vill ha, vem som levererar badrumsblandaren och var innerd\u00f6rrarna produceras. Vi har avtal med de flesta p\u00e5 marknaden och om du hittat en ny leverant\u00f6r ser vi till att skaffa avtal med den ocks\u00e5.<\/p>\n\n\n\n<p class=\"has-text-align-center\">Vill du veta mer om vilka f\u00f6retag vi samarbetar med? <a href=\"https:\/\/elithus.se\/kommersiell\/partners\/\">Se mer h\u00e4r<\/a>.<\/p>\n","protected":false},"excerpt":{"rendered":"<p>Elithus i Stockholm ABRipv\u00e4gen 10139 41 V\u00e4rmd\u00f6 VAT number SE55671071066Organisationsnummer: 556710-7106 VD Misha Istratov0709-797-797misha@elithus.se Nyhetsbrev Kontaktformul\u00e4r Som kund hos Elithus f\u00e5r du v\u00e4lja helt sj\u00e4lv vilket k\u00f6k du vill ha, vem som levererar badrumsblandaren och var innerd\u00f6rrarna produceras. Vi har avtal med de flesta p\u00e5 marknaden och om du hittat en ny leverant\u00f6r ser vi [&hellip;]<\/p>\n","protected":false},"author":1,"featured_media":515,"parent":0,"menu_order":0,"comment_status":"closed","ping_status":"closed","template":"","meta":{"footnotes":""},"class_list":["post-17","page","type-page","status-publish","has-post-thumbnail","hentry"],"_links":{"self":[{"href":"https:\/\/elithus.se\/kommersiell\/wp-json\/wp\/v2\/pages\/17","targetHints":{"allow":["GET"]}}],"collection":[{"href":"https:\/\/elithus.se\/kommersiell\/wp-json\/wp\/v2\/pages"}],"about":[{"href":"https:\/\/elithus.se\/kommersiell\/wp-json\/wp\/v2\/types\/page"}],"author":[{"embeddable":true,"href":"https:\/\/elithus.se\/kommersiell\/wp-json\/wp\/v2\/users\/1"}],"replies":[{"embeddable":true,"href":"https:\/\/elithus.se\/kommersiell\/wp-json\/wp\/v2\/comments?post=17"}],"version-history":[{"count":1,"href":"https:\/\/elithus.se\/kommersiell\/wp-json\/wp\/v2\/pages\/17\/revisions"}],"predecessor-version":[{"id":882,"href":"https:\/\/elithus.se\/kommersiell\/wp-json\/wp\/v2\/pages\/17\/revisions\/882"}],"wp:featuredmedia":[{"embeddable":true,"href":"https:\/\/elithus.se\/kommersiell\/wp-json\/wp\/v2\/media\/515"}],"wp:attachment":[{"href":"https:\/\/elithus.se\/kommersiell\/wp-json\/wp\/v2\/media?parent=17"}],"curies":[{"name":"wp","href":"https:\/\/api.w.org\/{rel}","templated":true}]}}