{"id":15,"date":"2017-11-13T09:16:19","date_gmt":"2017-11-13T09:16:19","guid":{"rendered":"https:\/\/elithus.se\/kommersiell\/?page_id=15"},"modified":"2018-01-18T17:35:01","modified_gmt":"2018-01-18T16:35:01","slug":"elithus-liv","status":"publish","type":"page","link":"https:\/\/elithus.se\/kommersiell\/elithus-liv\/","title":{"rendered":"Elithus Liv"},"content":{"rendered":"<p>Ett program f\u00f6r alla v\u00e5ra anst\u00e4llda som inkluderar:<\/p>\n<ul>\n<li>h\u00e4lsor\u00e5dgivning<\/li>\n<li>kost- och tr\u00e4ningsprogram via <a href=\"http:\/\/www.helsomihalsa.se\" target=\"_blank\" rel=\"noopener\">Hel som i H\u00e4lsa<\/a><\/li>\n<li>\u00e5rskort f\u00f6r den anst\u00e4llde+familj p\u00e5 <a href=\"http:\/\/www.yogastyrka.se\" target=\"_blank\" rel=\"noopener\">YogaStyrka<\/a><\/li>\n<li>utbildning inom milj\u00f6medvetande i vardag och bygg<\/li>\n<li>teambuildingaktiviteter flera ggr per \u00e5r inkl. en resa utomlands med anst\u00e4llda plus familjer.<\/li>\n<li>bonusprogram med bel\u00f6ningssystem f\u00f6r g\u00e4rningar som p\u00e5verkar v\u00e5r milj\u00f6 och omv\u00e4rld (t.ex. f\u00e5r v\u00e5ra anst\u00e4llda bel\u00f6ningar om de b\u00f6rjar sopsortera, f\u00f6rb\u00e4ttrar sin kost osv.)<\/li>\n<\/ul>\n<p>V\u00e4lm\u00e5ende medarbetare bygger b\u00e4ttre hus!<\/p>\n","protected":false},"excerpt":{"rendered":"<p>Ett program f\u00f6r alla v\u00e5ra anst\u00e4llda som inkluderar: h\u00e4lsor\u00e5dgivning kost- och tr\u00e4ningsprogram via Hel som i H\u00e4lsa \u00e5rskort f\u00f6r den anst\u00e4llde+familj p\u00e5 YogaStyrka utbildning inom milj\u00f6medvetande i vardag och bygg teambuildingaktiviteter flera ggr per \u00e5r inkl. en resa utomlands med anst\u00e4llda plus familjer. bonusprogram med bel\u00f6ningssystem f\u00f6r g\u00e4rningar som p\u00e5verkar v\u00e5r milj\u00f6 och omv\u00e4rld (t.ex. [&hellip;]<\/p>\n","protected":false},"author":1,"featured_media":400,"parent":0,"menu_order":0,"comment_status":"closed","ping_status":"closed","template":"template-liv.php","meta":{"footnotes":""},"class_list":["post-15","page","type-page","status-publish","has-post-thumbnail","hentry"],"_links":{"self":[{"href":"https:\/\/elithus.se\/kommersiell\/wp-json\/wp\/v2\/pages\/15","targetHints":{"allow":["GET"]}}],"collection":[{"href":"https:\/\/elithus.se\/kommersiell\/wp-json\/wp\/v2\/pages"}],"about":[{"href":"https:\/\/elithus.se\/kommersiell\/wp-json\/wp\/v2\/types\/page"}],"author":[{"embeddable":true,"href":"https:\/\/elithus.se\/kommersiell\/wp-json\/wp\/v2\/users\/1"}],"replies":[{"embeddable":true,"href":"https:\/\/elithus.se\/kommersiell\/wp-json\/wp\/v2\/comments?post=15"}],"version-history":[{"count":0,"href":"https:\/\/elithus.se\/kommersiell\/wp-json\/wp\/v2\/pages\/15\/revisions"}],"wp:featuredmedia":[{"embeddable":true,"href":"https:\/\/elithus.se\/kommersiell\/wp-json\/wp\/v2\/media\/400"}],"wp:attachment":[{"href":"https:\/\/elithus.se\/kommersiell\/wp-json\/wp\/v2\/media?parent=15"}],"curies":[{"name":"wp","href":"https:\/\/api.w.org\/{rel}","templated":true}]}}