{"id":13,"date":"2017-11-13T09:16:08","date_gmt":"2017-11-13T09:16:08","guid":{"rendered":"https:\/\/elithus.se\/kommersiell\/?page_id=13"},"modified":"2017-12-06T10:58:21","modified_gmt":"2017-12-06T09:58:21","slug":"elithusforlife","status":"publish","type":"page","link":"https:\/\/elithus.se\/kommersiell\/elithusforlife\/","title":{"rendered":"ElithusForLife"},"content":{"rendered":"<p>Elithus for Life &#8211; livstids byggfelsgaranti och support.<\/p>\n<p>Ett samarbete med Elithus beh\u00f6ver aldrig ta slut.<\/p>\n<p>M\u00e5nga av v\u00e5ra kunder anv\u00e4nder sig av v\u00e5rt servicepaket med rabatterade priser med ROT\/RUT f\u00f6r att ta hand om sitt hus.<\/p>\n<p>Detta innefattar de flesta moment s\u00e5som:<\/p>\n<ul>\n<li>altantv\u00e4tt och oljning<\/li>\n<li>f\u00f6nsterputs<\/li>\n<li>fasadtv\u00e4tt<\/li>\n<li>hemst\u00e4dning<\/li>\n<li>utbyte av utrustning<\/li>\n<li>kompletterande projekt (Attefall, friggebod mm.)<\/li>\n<\/ul>\n<p>Vi har specialister anst\u00e4llda f\u00f6r alla behov i hemmet och vi tar g\u00e4rna hand om de hus vi byggt, det vinner alla p\u00e5.<\/p>\n<p>Vi ser v\u00e5ra projekt som livsl\u00e5nga engagemang och vi \u00e4r stolta \u00f6ver att kunna bevara en relation \u00f6ver l\u00e5ng tid med v\u00e5ra kunder.<\/p>\n","protected":false},"excerpt":{"rendered":"<p>Elithus for Life &#8211; livstids byggfelsgaranti och support. Ett samarbete med Elithus beh\u00f6ver aldrig ta slut. M\u00e5nga av v\u00e5ra kunder anv\u00e4nder sig av v\u00e5rt servicepaket med rabatterade priser med ROT\/RUT f\u00f6r att ta hand om sitt hus. Detta innefattar de flesta moment s\u00e5som: altantv\u00e4tt och oljning f\u00f6nsterputs fasadtv\u00e4tt hemst\u00e4dning utbyte av utrustning kompletterande projekt (Attefall, [&hellip;]<\/p>\n","protected":false},"author":1,"featured_media":538,"parent":0,"menu_order":0,"comment_status":"closed","ping_status":"closed","template":"template-liv.php","meta":{"footnotes":""},"class_list":["post-13","page","type-page","status-publish","has-post-thumbnail","hentry"],"_links":{"self":[{"href":"https:\/\/elithus.se\/kommersiell\/wp-json\/wp\/v2\/pages\/13","targetHints":{"allow":["GET"]}}],"collection":[{"href":"https:\/\/elithus.se\/kommersiell\/wp-json\/wp\/v2\/pages"}],"about":[{"href":"https:\/\/elithus.se\/kommersiell\/wp-json\/wp\/v2\/types\/page"}],"author":[{"embeddable":true,"href":"https:\/\/elithus.se\/kommersiell\/wp-json\/wp\/v2\/users\/1"}],"replies":[{"embeddable":true,"href":"https:\/\/elithus.se\/kommersiell\/wp-json\/wp\/v2\/comments?post=13"}],"version-history":[{"count":0,"href":"https:\/\/elithus.se\/kommersiell\/wp-json\/wp\/v2\/pages\/13\/revisions"}],"wp:featuredmedia":[{"embeddable":true,"href":"https:\/\/elithus.se\/kommersiell\/wp-json\/wp\/v2\/media\/538"}],"wp:attachment":[{"href":"https:\/\/elithus.se\/kommersiell\/wp-json\/wp\/v2\/media?parent=13"}],"curies":[{"name":"wp","href":"https:\/\/api.w.org\/{rel}","templated":true}]}}